{"id":9,"date":"2023-09-22T16:01:00","date_gmt":"2023-09-22T14:01:00","guid":{"rendered":"http:\/\/olostacorp.com\/?page_id=9"},"modified":"2026-04-20T13:49:34","modified_gmt":"2026-04-20T11:49:34","slug":"accueil","status":"publish","type":"page","link":"https:\/\/olostacorp.com\/","title":{"rendered":"Accueil"},"content":{"rendered":"\t\t<div data-elementor-type=\"wp-page\" data-elementor-id=\"9\" class=\"elementor elementor-9\" data-elementor-post-type=\"page\">\n\t\t\t\t<div class=\"elementor-element elementor-element-08b94bc e-con-full e-flex e-con e-parent\" data-id=\"08b94bc\" data-element_type=\"container\" data-settings=\"{&quot;background_background&quot;:&quot;slideshow&quot;,&quot;background_slideshow_gallery&quot;:[{&quot;id&quot;:963,&quot;url&quot;:&quot;https:\\\/\\\/olostacorp.com\\\/wp-content\\\/uploads\\\/2025\\\/11\\\/2025-10-07-18.01.48-scaled.jpg&quot;},{&quot;id&quot;:964,&quot;url&quot;:&quot;https:\\\/\\\/olostacorp.com\\\/wp-content\\\/uploads\\\/2025\\\/11\\\/2025-10-14-15.23.33-1-scaled.jpg&quot;},{&quot;id&quot;:93,&quot;url&quot;:&quot;https:\\\/\\\/olostacorp.com\\\/wp-content\\\/uploads\\\/2023\\\/09\\\/bandeau14.png&quot;},{&quot;id&quot;:1082,&quot;url&quot;:&quot;https:\\\/\\\/olostacorp.com\\\/wp-content\\\/uploads\\\/2026\\\/04\\\/IMG_9075-2-scaled.jpeg&quot;},{&quot;id&quot;:92,&quot;url&quot;:&quot;https:\\\/\\\/olostacorp.com\\\/wp-content\\\/uploads\\\/2023\\\/09\\\/Video-editing-timeline-779596-scaled.jpg&quot;},{&quot;id&quot;:509,&quot;url&quot;:&quot;https:\\\/\\\/olostacorp.com\\\/wp-content\\\/uploads\\\/2024\\\/04\\\/bandeau15-1.png&quot;},{&quot;id&quot;:510,&quot;url&quot;:&quot;https:\\\/\\\/olostacorp.com\\\/wp-content\\\/uploads\\\/2024\\\/04\\\/photo-couv.jpg&quot;}],&quot;background_slideshow_loop&quot;:&quot;yes&quot;,&quot;background_slideshow_slide_duration&quot;:5000,&quot;background_slideshow_slide_transition&quot;:&quot;fade&quot;,&quot;background_slideshow_transition_duration&quot;:500}\">\n\t\t\t\t<\/div>\n\t\t<div class=\"elementor-element elementor-element-c85add1 e-flex e-con-boxed elementor-invisible e-con e-parent\" data-id=\"c85add1\" data-element_type=\"container\" data-settings=\"{&quot;animation&quot;:&quot;bounceIn&quot;}\">\n\t\t\t\t\t<div class=\"e-con-inner\">\n\t\t\t\t<div class=\"elementor-element elementor-element-c2c1813 elementor-widget elementor-widget-text-editor\" data-id=\"c2c1813\" data-element_type=\"widget\" data-widget_type=\"text-editor.default\">\n\t\t\t\t<div class=\"elementor-widget-container\">\n\t\t\t\t\t\t\t\t\t<h4 class=\"p1\" style=\"text-align: center;\"><span class=\"s1\"><b>Prestataire depuis 2012, nous proposons des solutions pour vos videos corporate, du tournage \u00e0 la post-production.<br \/><\/b><\/span><span class=\"s1\"><span style=\"color: #d9a630;\"><a style=\"color: #d9a630;\" href=\"https:\/\/olostacorp.com\/index.php\/contact-2\/\"><b>N\u2019h\u00e9sitez pas \u00e0 nous <\/b><span class=\"s2\"><b>contacter<\/b><\/span><\/a><\/span><b> pour tous renseignements ou demande de devis.<\/b><\/span><\/h4>\t\t\t\t\t\t\t\t<\/div>\n\t\t\t\t<\/div>\n\t\t\t\t\t<\/div>\n\t\t\t\t<\/div>\n\t\t<div class=\"elementor-element elementor-element-fd0b371 e-flex e-con-boxed elementor-invisible e-con e-parent\" data-id=\"fd0b371\" data-element_type=\"container\" data-settings=\"{&quot;animation&quot;:&quot;bounceInLeft&quot;}\">\n\t\t\t\t\t<div class=\"e-con-inner\">\n\t\t\t\t<div class=\"elementor-element elementor-element-71323b0 elementor-widget elementor-widget-heading\" data-id=\"71323b0\" data-element_type=\"widget\" data-widget_type=\"heading.default\">\n\t\t\t\t<div class=\"elementor-widget-container\">\n\t\t\t\t\t<h3 class=\"elementor-heading-title elementor-size-default\">NOS DERNI\u00c8RES R\u00c9ALISATIONS<\/h3>\t\t\t\t<\/div>\n\t\t\t\t<\/div>\n\t\t\t\t<div class=\"elementor-element elementor-element-92f76db elementor-widget elementor-widget-wplp\" data-id=\"92f76db\" data-element_type=\"widget\" data-widget_type=\"wplp.default\">\n\t\t\t\t<div class=\"elementor-widget-container\">\n\t\t\t\t\t<style><\/style><div class=\"wplp_outside wplp_widget_800\" style=\"max-width:100%;\"><div id=\"wplp_widget_800\" class=\"wplp_widget_default wplp_container vertical swiper wplp-swiper default cols5\" data-theme=\"default\" data-post=\"800\" style=\"\" data-max-elts=\"7\" data-per-page=\"10\"><div class=\"wplp_listposts swiper-wrapper\" id=\"default_800\" style=\"width: 100%;\" ><div class=\"swiper-slide\" style=\"\"><div class=\"insideframe\"><div id=\"wplp_box_top_800_1062\" class=\"wpcu-front-box top equalHeightImg\" ><div class=\"wplp-box-item\"><a href=\"https:\/\/olostacorp.com\/index.php\/2026\/04\/15\/afnor-la-biodiversite-alliee-invisible-de-toutes-les-entreprises\/\"  class=\"thumbnail\"><span class=\"img_cropper\" style=\"margin-right:4px;margin-bottom:4px;max-width:100%;\"><img decoding=\"async\" src=\"https:\/\/olostacorp.com\/wp-content\/uploads\/2026\/04\/Capture-decran-2026-04-15-a-17.47.28-300x168.jpg\" style=\"aspect-ratio:16\/9;\" srcset=\"\" alt=\"AFNOR &#8211; La biodiversit\u00e9 : alli\u00e9e invisible de toutes les entreprises\" class=\"wplp_thumb\" \/><\/span><\/a><a href=\"https:\/\/olostacorp.com\/index.php\/2026\/04\/15\/afnor-la-biodiversite-alliee-invisible-de-toutes-les-entreprises\/\"  class=\"title\">AFNOR &#8211; La biodiversit\u00e9 : alli\u00e9e invisible de toutes les entreprises<\/a><\/div><\/div><div id=\"wplp_box_left_800_1062\" class=\"wpcu-front-box left wpcu-custom-position\" ><div class=\"wplp-box-item\"><\/div><\/div><div id=\"wplp_box_right_800_1062\" class=\"wpcu-front-box right wpcu-custom-position\" ><div class=\"wplp-box-item\"><\/div><\/div><div id=\"wplp_box_bottom_800_1062\" class=\"wpcu-front-box bottom \" ><div class=\"wplp-box-item\"><span class=\"custom_fields\">\n<!-- WPLP Unknown field: Custom_Fields -->\n<\/span><a href=\"https:\/\/olostacorp.com\/index.php\/2026\/04\/15\/afnor-la-biodiversite-alliee-invisible-de-toutes-les-entreprises\/\"  class=\"read-more\">Lire la suite\u2026<\/a><\/div><\/div><\/div><\/div><div class=\"swiper-slide\" style=\"\"><div class=\"insideframe\"><div id=\"wplp_box_top_800_1046\" class=\"wpcu-front-box top equalHeightImg\" ><div class=\"wplp-box-item\"><a href=\"https:\/\/olostacorp.com\/index.php\/2026\/04\/15\/fiphfp-une-minute-avec\/\"  class=\"thumbnail\"><span class=\"img_cropper\" style=\"margin-right:4px;margin-bottom:4px;max-width:100%;\"><img decoding=\"async\" src=\"https:\/\/olostacorp.com\/wp-content\/uploads\/2026\/04\/Capture-decran-2026-04-15-a-17.23.38-300x194.jpg\" style=\"aspect-ratio:16\/9;\" srcset=\"\" alt=\"FIPHFP &#8211; Une minute avec&#8230;\" class=\"wplp_thumb\" \/><\/span><\/a><a href=\"https:\/\/olostacorp.com\/index.php\/2026\/04\/15\/fiphfp-une-minute-avec\/\"  class=\"title\">FIPHFP &#8211; Une minute avec&#8230;<\/a><\/div><\/div><div id=\"wplp_box_left_800_1046\" class=\"wpcu-front-box left wpcu-custom-position\" ><div class=\"wplp-box-item\"><\/div><\/div><div id=\"wplp_box_right_800_1046\" class=\"wpcu-front-box right wpcu-custom-position\" ><div class=\"wplp-box-item\"><\/div><\/div><div id=\"wplp_box_bottom_800_1046\" class=\"wpcu-front-box bottom \" ><div class=\"wplp-box-item\"><span class=\"custom_fields\">\n<!-- WPLP Unknown field: Custom_Fields -->\n<\/span><a href=\"https:\/\/olostacorp.com\/index.php\/2026\/04\/15\/fiphfp-une-minute-avec\/\"  class=\"read-more\">Lire la suite\u2026<\/a><\/div><\/div><\/div><\/div><div class=\"swiper-slide\" style=\"\"><div class=\"insideframe\"><div id=\"wplp_box_top_800_1039\" class=\"wpcu-front-box top equalHeightImg\" ><div class=\"wplp-box-item\"><a href=\"https:\/\/olostacorp.com\/index.php\/2026\/04\/15\/fiphfp-retour-sur-letape-des-20-ans-blois\/\"  class=\"thumbnail\"><span class=\"img_cropper\" style=\"margin-right:4px;margin-bottom:4px;max-width:100%;\"><img decoding=\"async\" src=\"https:\/\/olostacorp.com\/wp-content\/uploads\/2026\/04\/Capture-decran-2026-04-15-a-17.13.58-300x151.jpg\" style=\"aspect-ratio:16\/9;\" srcset=\"\" alt=\"FIPHFP &#8211; Retour sur l&rsquo;\u00e9tape des 20 ans, Blois\" class=\"wplp_thumb\" \/><\/span><\/a><a href=\"https:\/\/olostacorp.com\/index.php\/2026\/04\/15\/fiphfp-retour-sur-letape-des-20-ans-blois\/\"  class=\"title\">FIPHFP &#8211; Retour sur l&rsquo;\u00e9tape des 20 ans, Blois<\/a><\/div><\/div><div id=\"wplp_box_left_800_1039\" class=\"wpcu-front-box left wpcu-custom-position\" ><div class=\"wplp-box-item\"><\/div><\/div><div id=\"wplp_box_right_800_1039\" class=\"wpcu-front-box right wpcu-custom-position\" ><div class=\"wplp-box-item\"><\/div><\/div><div id=\"wplp_box_bottom_800_1039\" class=\"wpcu-front-box bottom \" ><div class=\"wplp-box-item\"><span class=\"custom_fields\">\n<!-- WPLP Unknown field: Custom_Fields -->\n<\/span><a href=\"https:\/\/olostacorp.com\/index.php\/2026\/04\/15\/fiphfp-retour-sur-letape-des-20-ans-blois\/\"  class=\"read-more\">Lire la suite\u2026<\/a><\/div><\/div><\/div><\/div><div class=\"swiper-slide\" style=\"\"><div class=\"insideframe\"><div id=\"wplp_box_top_800_1033\" class=\"wpcu-front-box top equalHeightImg\" ><div class=\"wplp-box-item\"><a href=\"https:\/\/olostacorp.com\/index.php\/2026\/04\/15\/fiphfp-retour-sur-letape-des-20-ans-caen\/\"  class=\"thumbnail\"><span class=\"img_cropper\" style=\"margin-right:4px;margin-bottom:4px;max-width:100%;\"><img decoding=\"async\" src=\"https:\/\/olostacorp.com\/wp-content\/uploads\/2026\/04\/Capture-decran-2026-04-15-a-17.12.08-300x183.jpg\" style=\"aspect-ratio:16\/9;\" srcset=\"\" alt=\"FIPHFP &#8211; Retour sur l&rsquo;\u00e9tape des 20 ans, Caen\" class=\"wplp_thumb\" \/><\/span><\/a><a href=\"https:\/\/olostacorp.com\/index.php\/2026\/04\/15\/fiphfp-retour-sur-letape-des-20-ans-caen\/\"  class=\"title\">FIPHFP &#8211; Retour sur l&rsquo;\u00e9tape des 20 ans, Caen<\/a><\/div><\/div><div id=\"wplp_box_left_800_1033\" class=\"wpcu-front-box left wpcu-custom-position\" ><div class=\"wplp-box-item\"><\/div><\/div><div id=\"wplp_box_right_800_1033\" class=\"wpcu-front-box right wpcu-custom-position\" ><div class=\"wplp-box-item\"><\/div><\/div><div id=\"wplp_box_bottom_800_1033\" class=\"wpcu-front-box bottom \" ><div class=\"wplp-box-item\"><span class=\"custom_fields\">\n<!-- WPLP Unknown field: Custom_Fields -->\n<\/span><a href=\"https:\/\/olostacorp.com\/index.php\/2026\/04\/15\/fiphfp-retour-sur-letape-des-20-ans-caen\/\"  class=\"read-more\">Lire la suite\u2026<\/a><\/div><\/div><\/div><\/div><div class=\"swiper-slide\" style=\"\"><div class=\"insideframe\"><div id=\"wplp_box_top_800_1024\" class=\"wpcu-front-box top equalHeightImg\" ><div class=\"wplp-box-item\"><a href=\"https:\/\/olostacorp.com\/index.php\/2026\/04\/15\/fiphfp-retour-sur-letape-des-20-ans-metz\/\"  class=\"thumbnail\"><span class=\"img_cropper\" style=\"margin-right:4px;margin-bottom:4px;max-width:100%;\"><img decoding=\"async\" src=\"https:\/\/olostacorp.com\/wp-content\/uploads\/2026\/04\/Capture-decran-2026-04-15-a-17.10.44-300x178.jpg\" style=\"aspect-ratio:16\/9;\" srcset=\"\" alt=\"FIPHFP &#8211; Retour sur l&rsquo;\u00e9tape des 20 ans, Metz\" class=\"wplp_thumb\" \/><\/span><\/a><a href=\"https:\/\/olostacorp.com\/index.php\/2026\/04\/15\/fiphfp-retour-sur-letape-des-20-ans-metz\/\"  class=\"title\">FIPHFP &#8211; Retour sur l&rsquo;\u00e9tape des 20 ans, Metz<\/a><\/div><\/div><div id=\"wplp_box_left_800_1024\" class=\"wpcu-front-box left wpcu-custom-position\" ><div class=\"wplp-box-item\"><\/div><\/div><div id=\"wplp_box_right_800_1024\" class=\"wpcu-front-box right wpcu-custom-position\" ><div class=\"wplp-box-item\"><\/div><\/div><div id=\"wplp_box_bottom_800_1024\" class=\"wpcu-front-box bottom \" ><div class=\"wplp-box-item\"><span class=\"custom_fields\">\n<!-- WPLP Unknown field: Custom_Fields -->\n<\/span><a href=\"https:\/\/olostacorp.com\/index.php\/2026\/04\/15\/fiphfp-retour-sur-letape-des-20-ans-metz\/\"  class=\"read-more\">Lire la suite\u2026<\/a><\/div><\/div><\/div><\/div><div class=\"swiper-slide\" style=\"\"><div class=\"insideframe\"><div id=\"wplp_box_top_800_1018\" class=\"wpcu-front-box top equalHeightImg\" ><div class=\"wplp-box-item\"><a href=\"https:\/\/olostacorp.com\/index.php\/2026\/04\/15\/fiphfp-retour-sur-letape-des-20-ans-angers\/\"  class=\"thumbnail\"><span class=\"img_cropper\" style=\"margin-right:4px;margin-bottom:4px;max-width:100%;\"><img decoding=\"async\" src=\"https:\/\/olostacorp.com\/wp-content\/uploads\/2026\/04\/Capture-decran-2026-04-15-a-17.08.35-300x152.jpg\" style=\"aspect-ratio:16\/9;\" srcset=\"\" alt=\"FIPHFP &#8211; Retour sur l&rsquo;\u00e9tape des 20 ans, Angers\" class=\"wplp_thumb\" \/><\/span><\/a><a href=\"https:\/\/olostacorp.com\/index.php\/2026\/04\/15\/fiphfp-retour-sur-letape-des-20-ans-angers\/\"  class=\"title\">FIPHFP &#8211; Retour sur l&rsquo;\u00e9tape des 20 ans, Angers<\/a><\/div><\/div><div id=\"wplp_box_left_800_1018\" class=\"wpcu-front-box left wpcu-custom-position\" ><div class=\"wplp-box-item\"><\/div><\/div><div id=\"wplp_box_right_800_1018\" class=\"wpcu-front-box right wpcu-custom-position\" ><div class=\"wplp-box-item\"><\/div><\/div><div id=\"wplp_box_bottom_800_1018\" class=\"wpcu-front-box bottom \" ><div class=\"wplp-box-item\"><span class=\"custom_fields\">\n<!-- WPLP Unknown field: Custom_Fields -->\n<\/span><a href=\"https:\/\/olostacorp.com\/index.php\/2026\/04\/15\/fiphfp-retour-sur-letape-des-20-ans-angers\/\"  class=\"read-more\">Lire la suite\u2026<\/a><\/div><\/div><\/div><\/div><div class=\"swiper-slide\" style=\"\"><div class=\"insideframe\"><div id=\"wplp_box_top_800_1011\" class=\"wpcu-front-box top equalHeightImg\" ><div class=\"wplp-box-item\"><a href=\"https:\/\/olostacorp.com\/index.php\/2026\/04\/15\/fiphfp-retour-sur-letape-des-20-ans-mayotte\/\"  class=\"thumbnail\"><span class=\"img_cropper\" style=\"margin-right:4px;margin-bottom:4px;max-width:100%;\"><img decoding=\"async\" src=\"https:\/\/olostacorp.com\/wp-content\/uploads\/2026\/04\/Capture-decran-2026-04-15-a-17.02.14-300x168.jpg\" style=\"aspect-ratio:16\/9;\" srcset=\"\" alt=\"FIPHFP &#8211; Retour sur l&rsquo;\u00e9tape des 20 ans, Mayotte\" class=\"wplp_thumb\" \/><\/span><\/a><a href=\"https:\/\/olostacorp.com\/index.php\/2026\/04\/15\/fiphfp-retour-sur-letape-des-20-ans-mayotte\/\"  class=\"title\">FIPHFP &#8211; Retour sur l&rsquo;\u00e9tape des 20 ans, Mayotte<\/a><\/div><\/div><div id=\"wplp_box_left_800_1011\" class=\"wpcu-front-box left wpcu-custom-position\" ><div class=\"wplp-box-item\"><\/div><\/div><div id=\"wplp_box_right_800_1011\" class=\"wpcu-front-box right wpcu-custom-position\" ><div class=\"wplp-box-item\"><\/div><\/div><div id=\"wplp_box_bottom_800_1011\" class=\"wpcu-front-box bottom \" ><div class=\"wplp-box-item\"><span class=\"custom_fields\">\n<!-- WPLP Unknown field: Custom_Fields -->\n<\/span><a href=\"https:\/\/olostacorp.com\/index.php\/2026\/04\/15\/fiphfp-retour-sur-letape-des-20-ans-mayotte\/\"  class=\"read-more\">Lire la suite\u2026<\/a><\/div><\/div><\/div><\/div><\/div><div class=\"swiper-button-next\"><\/div><div class=\"swiper-button-prev\"><\/div><div class=\"swiper-pagination\"><\/div><\/div><\/div>\t\t\t\t<\/div>\n\t\t\t\t<\/div>\n\t\t\t\t\t<\/div>\n\t\t\t\t<\/div>\n\t\t<div class=\"elementor-element elementor-element-d59d3f7 e-flex e-con-boxed elementor-invisible e-con e-parent\" data-id=\"d59d3f7\" data-element_type=\"container\" data-settings=\"{&quot;animation&quot;:&quot;bounceInRight&quot;}\">\n\t\t\t\t\t<div class=\"e-con-inner\">\n\t\t\t\t<div class=\"elementor-element elementor-element-448d0cd elementor-widget elementor-widget-heading\" data-id=\"448d0cd\" data-element_type=\"widget\" data-widget_type=\"heading.default\">\n\t\t\t\t<div class=\"elementor-widget-container\">\n\t\t\t\t\t<h3 class=\"elementor-heading-title elementor-size-default\">ILS NOUS FONT CONFIANCE<\/h3>\t\t\t\t<\/div>\n\t\t\t\t<\/div>\n\t\t\t\t\t<\/div>\n\t\t\t\t<\/div>\n\t\t<div class=\"elementor-element elementor-element-2ce3c46 e-flex e-con-boxed elementor-invisible e-con e-parent\" data-id=\"2ce3c46\" data-element_type=\"container\" data-settings=\"{&quot;animation&quot;:&quot;bounceInRight&quot;}\">\n\t\t\t\t\t<div class=\"e-con-inner\">\n\t\t\t\t<div class=\"elementor-element elementor-element-c371257 elementor-widget elementor-widget-image-carousel\" data-id=\"c371257\" data-element_type=\"widget\" data-settings=\"{&quot;slides_to_show&quot;:&quot;7&quot;,&quot;slides_to_scroll&quot;:&quot;1&quot;,&quot;navigation&quot;:&quot;none&quot;,&quot;autoplay&quot;:&quot;yes&quot;,&quot;pause_on_hover&quot;:&quot;yes&quot;,&quot;pause_on_interaction&quot;:&quot;yes&quot;,&quot;autoplay_speed&quot;:5000,&quot;infinite&quot;:&quot;yes&quot;,&quot;speed&quot;:500,&quot;image_spacing_custom&quot;:{&quot;unit&quot;:&quot;px&quot;,&quot;size&quot;:20,&quot;sizes&quot;:[]},&quot;image_spacing_custom_tablet&quot;:{&quot;unit&quot;:&quot;px&quot;,&quot;size&quot;:&quot;&quot;,&quot;sizes&quot;:[]},&quot;image_spacing_custom_mobile&quot;:{&quot;unit&quot;:&quot;px&quot;,&quot;size&quot;:&quot;&quot;,&quot;sizes&quot;:[]}}\" data-widget_type=\"image-carousel.default\">\n\t\t\t\t<div class=\"elementor-widget-container\">\n\t\t\t\t\t\t\t<div class=\"elementor-image-carousel-wrapper swiper\" role=\"region\" aria-roledescription=\"carousel\" aria-label=\"Carrousel d\u2019images\" dir=\"ltr\">\n\t\t\t<div class=\"elementor-image-carousel swiper-wrapper\" aria-live=\"off\">\n\t\t\t\t\t\t\t\t<div class=\"swiper-slide\" role=\"group\" aria-roledescription=\"slide\" aria-label=\"1 sur 10\"><figure class=\"swiper-slide-inner\"><img decoding=\"async\" class=\"swiper-slide-image\" src=\"https:\/\/olostacorp.com\/wp-content\/uploads\/2023\/09\/5monkeys.png\" alt=\"5monkeys\" \/><\/figure><\/div><div class=\"swiper-slide\" role=\"group\" aria-roledescription=\"slide\" aria-label=\"2 sur 10\"><figure class=\"swiper-slide-inner\"><img decoding=\"async\" class=\"swiper-slide-image\" src=\"https:\/\/olostacorp.com\/wp-content\/uploads\/2023\/09\/2017_logo-decidRH.png\" alt=\"2017_logo de\u0301cidRH\" \/><\/figure><\/div><div class=\"swiper-slide\" role=\"group\" aria-roledescription=\"slide\" aria-label=\"3 sur 10\"><figure class=\"swiper-slide-inner\"><img decoding=\"async\" class=\"swiper-slide-image\" src=\"https:\/\/olostacorp.com\/wp-content\/uploads\/2023\/09\/adesidees.png\" alt=\"adesidees\" \/><\/figure><\/div><div class=\"swiper-slide\" role=\"group\" aria-roledescription=\"slide\" aria-label=\"4 sur 10\"><figure class=\"swiper-slide-inner\"><img decoding=\"async\" class=\"swiper-slide-image\" src=\"https:\/\/olostacorp.com\/wp-content\/uploads\/2023\/09\/atelierDP.png\" alt=\"atelierDP\" \/><\/figure><\/div><div class=\"swiper-slide\" role=\"group\" aria-roledescription=\"slide\" aria-label=\"5 sur 10\"><figure class=\"swiper-slide-inner\"><img decoding=\"async\" class=\"swiper-slide-image\" src=\"https:\/\/olostacorp.com\/wp-content\/uploads\/2023\/09\/bruno-bazinet-2.png\" alt=\"bruno-bazinet-2\" \/><\/figure><\/div><div class=\"swiper-slide\" role=\"group\" aria-roledescription=\"slide\" aria-label=\"6 sur 10\"><figure class=\"swiper-slide-inner\"><img decoding=\"async\" class=\"swiper-slide-image\" src=\"https:\/\/olostacorp.com\/wp-content\/uploads\/2023\/09\/edites.png\" alt=\"edites\" \/><\/figure><\/div><div class=\"swiper-slide\" role=\"group\" aria-roledescription=\"slide\" aria-label=\"7 sur 10\"><figure class=\"swiper-slide-inner\"><img decoding=\"async\" class=\"swiper-slide-image\" src=\"https:\/\/olostacorp.com\/wp-content\/uploads\/2023\/09\/smh-2.png\" alt=\"smh-2\" \/><\/figure><\/div><div class=\"swiper-slide\" role=\"group\" aria-roledescription=\"slide\" aria-label=\"8 sur 10\"><figure class=\"swiper-slide-inner\"><img decoding=\"async\" class=\"swiper-slide-image\" src=\"https:\/\/olostacorp.com\/wp-content\/uploads\/2023\/09\/simcorp.png\" alt=\"simcorp\" \/><\/figure><\/div><div class=\"swiper-slide\" role=\"group\" aria-roledescription=\"slide\" aria-label=\"9 sur 10\"><figure class=\"swiper-slide-inner\"><img decoding=\"async\" class=\"swiper-slide-image\" src=\"https:\/\/olostacorp.com\/wp-content\/uploads\/2023\/09\/iseg.png\" alt=\"iseg\" \/><\/figure><\/div><div class=\"swiper-slide\" role=\"group\" aria-roledescription=\"slide\" aria-label=\"10 sur 10\"><figure class=\"swiper-slide-inner\"><img decoding=\"async\" class=\"swiper-slide-image\" src=\"https:\/\/olostacorp.com\/wp-content\/uploads\/2023\/09\/hrpartners.png\" alt=\"hrpartners\" \/><\/figure><\/div>\t\t\t<\/div>\n\t\t\t\t\t\t\t\n\t\t\t\t\t\t\t\t\t<\/div>\n\t\t\t\t\t\t<\/div>\n\t\t\t\t<\/div>\n\t\t\t\t\t<\/div>\n\t\t\t\t<\/div>\n\t\t\t\t<\/div>\n\t\t","protected":false},"excerpt":{"rendered":"<p>Prestataire depuis 2012, nous proposons des solutions pour vos videos corporate, du tournage \u00e0 la post-production.N\u2019h\u00e9sitez pas \u00e0 nous contacter pour tous renseignements ou demande de devis. NOS DERNI\u00c8RES R\u00c9ALISATIONS AFNOR &#8211; La biodiversit\u00e9 : alli\u00e9e invisible de toutes les entreprises Lire la suite\u2026FIPHFP &#8211; Une minute avec&#8230; Lire la suite\u2026FIPHFP &#8211; Retour sur l&rsquo;\u00e9tape&hellip;&nbsp;<a href=\"https:\/\/olostacorp.com\/index.php\/2026\/04\/15\/fiphfp-retour-sur-letape-des-20-ans-mayotte\/\" rel=\"bookmark\">Lire la suite &raquo;<span class=\"screen-reader-text\">FIPHFP &#8211; Retour sur l&rsquo;\u00e9tape des 20 ans, Mayotte<\/span><\/a><\/p>\n","protected":false},"author":1,"featured_media":0,"parent":0,"menu_order":0,"comment_status":"closed","ping_status":"closed","template":"","meta":{"neve_meta_sidebar":"","neve_meta_container":"","neve_meta_enable_content_width":"on","neve_meta_content_width":100,"neve_meta_title_alignment":"","neve_meta_author_avatar":"","neve_post_elements_order":"","neve_meta_disable_header":"","neve_meta_disable_footer":"","neve_meta_disable_title":"on","footnotes":""},"class_list":["post-9","page","type-page","status-publish","hentry"],"_links":{"self":[{"href":"https:\/\/olostacorp.com\/index.php\/wp-json\/wp\/v2\/pages\/9","targetHints":{"allow":["GET"]}}],"collection":[{"href":"https:\/\/olostacorp.com\/index.php\/wp-json\/wp\/v2\/pages"}],"about":[{"href":"https:\/\/olostacorp.com\/index.php\/wp-json\/wp\/v2\/types\/page"}],"author":[{"embeddable":true,"href":"https:\/\/olostacorp.com\/index.php\/wp-json\/wp\/v2\/users\/1"}],"replies":[{"embeddable":true,"href":"https:\/\/olostacorp.com\/index.php\/wp-json\/wp\/v2\/comments?post=9"}],"version-history":[{"count":67,"href":"https:\/\/olostacorp.com\/index.php\/wp-json\/wp\/v2\/pages\/9\/revisions"}],"predecessor-version":[{"id":1088,"href":"https:\/\/olostacorp.com\/index.php\/wp-json\/wp\/v2\/pages\/9\/revisions\/1088"}],"wp:attachment":[{"href":"https:\/\/olostacorp.com\/index.php\/wp-json\/wp\/v2\/media?parent=9"}],"curies":[{"name":"wp","href":"https:\/\/api.w.org\/{rel}","templated":true}]}}