{"id":777,"date":"2024-04-23T18:24:42","date_gmt":"2024-04-23T16:24:42","guid":{"rendered":"https:\/\/olostacorp.com\/?page_id=777"},"modified":"2026-02-24T11:51:59","modified_gmt":"2026-02-24T10:51:59","slug":"etapes-de-votre-projet","status":"publish","type":"page","link":"https:\/\/olostacorp.com\/index.php\/etapes-de-votre-projet\/","title":{"rendered":"\u00c9tapes de votre projet"},"content":{"rendered":"\t\t<div data-elementor-type=\"wp-page\" data-elementor-id=\"777\" class=\"elementor elementor-777\" data-elementor-post-type=\"page\">\n\t\t\t\t<div class=\"elementor-element elementor-element-4cf91e5 e-con-full e-flex e-con e-parent\" data-id=\"4cf91e5\" data-element_type=\"container\" data-settings=\"{&quot;background_background&quot;:&quot;classic&quot;}\">\n\t\t\t\t<div class=\"elementor-element elementor-element-12ca069 elementor-widget elementor-widget-heading\" data-id=\"12ca069\" data-element_type=\"widget\" data-widget_type=\"heading.default\">\n\t\t\t\t<div class=\"elementor-widget-container\">\n\t\t\t\t\t<h2 class=\"elementor-heading-title elementor-size-default\">\u00c9TAPES CL\u00c9S<\/h2>\t\t\t\t<\/div>\n\t\t\t\t<\/div>\n\t\t\t\t<\/div>\n\t\t<div class=\"elementor-element elementor-element-4675034 e-flex e-con-boxed e-con e-parent\" data-id=\"4675034\" data-element_type=\"container\">\n\t\t\t\t\t<div class=\"e-con-inner\">\n\t\t\t\t<div class=\"elementor-element elementor-element-7030d2a elementor-widget elementor-widget-heading\" data-id=\"7030d2a\" data-element_type=\"widget\" data-widget_type=\"heading.default\">\n\t\t\t\t<div class=\"elementor-widget-container\">\n\t\t\t\t\t<h2 class=\"elementor-heading-title elementor-size-default\">Quelles sont les \u00e9tapes de la cr\u00e9ation d\u2019une vid\u00e9o ?<\/h2>\t\t\t\t<\/div>\n\t\t\t\t<\/div>\n\t\t\t\t\t<\/div>\n\t\t\t\t<\/div>\n\t\t<div class=\"elementor-element elementor-element-4f66893 e-flex e-con-boxed e-con e-parent\" data-id=\"4f66893\" data-element_type=\"container\">\n\t\t\t\t\t<div class=\"e-con-inner\">\n\t\t\t\t<div class=\"elementor-element elementor-element-d2d6f0d elementor-widget elementor-widget-text-editor\" data-id=\"d2d6f0d\" data-element_type=\"widget\" data-widget_type=\"text-editor.default\">\n\t\t\t\t<div class=\"elementor-widget-container\">\n\t\t\t\t\t\t\t\t\t<p><span style=\"color: #4188a8;\"><strong><span style=\"color: #d6a229;\">\u00c9laboration du concept<\/span><br \/><\/strong><\/span>Il est important de d\u00e9finir l\u2019objectif de la vid\u00e9o, le public cible, le message \u00e0 transmettre et l\u2019histoire \u00e0 raconter.<\/p><p><span style=\"color: #800080;\"><strong><span style=\"color: #d6a229;\">\u00c9criture du sc\u00e9nario<\/span><br \/><\/strong><\/span>En fonction du type de vid\u00e9o il peut-\u00eatre judicieux de r\u00e9diger le sc\u00e9nario de la vid\u00e9o, c\u2019est-\u00e0-dire \u00e0 d\u00e9crire les diff\u00e9rentes sc\u00e8nes et \u00e9crire les dialogues.<\/p><p><span style=\"color: #800080;\"><strong><span style=\"color: #d6a229;\">Pr\u00e9paration du tournage<\/span><br \/><\/strong><\/span>Pas de mauvaises surprises le jour J, nous planifions et organisons le tournage, en d\u00e9terminant les lieux de tournage, les personnes qui interviendront, le mat\u00e9riel de tournage, etc.<\/p><p><span style=\"color: #800080;\"><strong><span style=\"color: #d6a229;\">Tournage<\/span><br \/><\/strong><\/span>Filmer les diff\u00e9rentes sc\u00e8nes de la vid\u00e9o selon le sc\u00e9nario \u00e9crit.<\/p><p><span style=\"color: #800080;\"><strong><span style=\"color: #4188a8;\">Montage<\/span><br \/><\/strong><\/span>Assembler les diff\u00e9rentes s\u00e9quences film\u00e9es et ajouter les \u00e9l\u00e9ments de post-production (musique, effets sp\u00e9ciaux, etc.) pour cr\u00e9er la vid\u00e9o finale.<\/p><p><strong><span style=\"color: #4188a8;\">Diffusion<\/span><br \/><\/strong>diffuser la vid\u00e9o aupr\u00e8s du public cible, en la publiant sur les plateformes de diffusion appropri\u00e9es (YouTube, Facebook, etc.) ou en la diffusant sur les cha\u00eenes de t\u00e9l\u00e9vision ou les sites web ad\u00e9quats.<\/p><h4 style=\"text-align: center;\"><span style=\"text-decoration: underline;\"><span style=\"color: #e6af36;\"><a style=\"color: #e6af36; text-decoration: underline;\" href=\"https:\/\/olostacorp.com\/index.php\/contact-2\/\">Et bien s\u00fbr, nous vous accompagnons \u00e0 chaque \u00e9tape de votre projet !<\/a><\/span><\/span><\/h4><h6><em>Il est important de noter que ces \u00e9tapes peuvent varier en fonction du type de vid\u00e9o \u00e0 cr\u00e9er, du budget et du d\u00e9lai disponibles. Certaines \u00e9tapes peuvent \u00eatre fusionn\u00e9es ou supprim\u00e9es selon les cas.<\/em><\/h6>\t\t\t\t\t\t\t\t<\/div>\n\t\t\t\t<\/div>\n\t\t\t\t\t<\/div>\n\t\t\t\t<\/div>\n\t\t\t\t<\/div>\n\t\t","protected":false},"excerpt":{"rendered":"<p>\u00c9TAPES CL\u00c9S Quelles sont les \u00e9tapes de la cr\u00e9ation d\u2019une vid\u00e9o ? \u00c9laboration du conceptIl est important de d\u00e9finir l\u2019objectif de la vid\u00e9o, le public cible, le message \u00e0 transmettre et l\u2019histoire \u00e0 raconter. \u00c9criture du sc\u00e9narioEn fonction du type de vid\u00e9o il peut-\u00eatre judicieux de r\u00e9diger le sc\u00e9nario de la vid\u00e9o, c\u2019est-\u00e0-dire \u00e0 d\u00e9crire&hellip;&nbsp;<a href=\"https:\/\/olostacorp.com\/index.php\/etapes-de-votre-projet\/\" rel=\"bookmark\">Lire la suite &raquo;<span class=\"screen-reader-text\">\u00c9tapes de votre projet<\/span><\/a><\/p>\n","protected":false},"author":1,"featured_media":0,"parent":0,"menu_order":0,"comment_status":"closed","ping_status":"closed","template":"page-templates\/template-pagebuilder-full-width.php","meta":{"neve_meta_sidebar":"","neve_meta_container":"","neve_meta_enable_content_width":"","neve_meta_content_width":0,"neve_meta_title_alignment":"","neve_meta_author_avatar":"","neve_post_elements_order":"","neve_meta_disable_header":"","neve_meta_disable_footer":"","neve_meta_disable_title":"on","footnotes":""},"class_list":["post-777","page","type-page","status-publish","hentry"],"_links":{"self":[{"href":"https:\/\/olostacorp.com\/index.php\/wp-json\/wp\/v2\/pages\/777","targetHints":{"allow":["GET"]}}],"collection":[{"href":"https:\/\/olostacorp.com\/index.php\/wp-json\/wp\/v2\/pages"}],"about":[{"href":"https:\/\/olostacorp.com\/index.php\/wp-json\/wp\/v2\/types\/page"}],"author":[{"embeddable":true,"href":"https:\/\/olostacorp.com\/index.php\/wp-json\/wp\/v2\/users\/1"}],"replies":[{"embeddable":true,"href":"https:\/\/olostacorp.com\/index.php\/wp-json\/wp\/v2\/comments?post=777"}],"version-history":[{"count":19,"href":"https:\/\/olostacorp.com\/index.php\/wp-json\/wp\/v2\/pages\/777\/revisions"}],"predecessor-version":[{"id":1002,"href":"https:\/\/olostacorp.com\/index.php\/wp-json\/wp\/v2\/pages\/777\/revisions\/1002"}],"wp:attachment":[{"href":"https:\/\/olostacorp.com\/index.php\/wp-json\/wp\/v2\/media?parent=777"}],"curies":[{"name":"wp","href":"https:\/\/api.w.org\/{rel}","templated":true}]}}